{"id":1266,"date":"2025-03-28T11:50:13","date_gmt":"2025-03-28T10:50:13","guid":{"rendered":"https:\/\/amenaturo.wpcomstaging.com\/?page_id=1266"},"modified":"2025-03-28T11:50:13","modified_gmt":"2025-03-28T10:50:13","slug":"breathwork","status":"publish","type":"page","link":"https:\/\/www.amenaturopathe.com\/?page_id=1266","title":{"rendered":"Breathwork"},"content":{"rendered":"\n<blockquote class=\"wp-block-quote is-layout-flow wp-block-quote-is-layout-flow\">\n<p><strong>Explorez la puissance du souffle et du l\u00e2cher-prise<\/strong><\/p>\n<\/blockquote>\n\n\n\n<div class=\"wp-block-columns is-layout-flex wp-container-core-columns-is-layout-9d6595d7 wp-block-columns-is-layout-flex\">\n<div class=\"wp-block-column is-layout-flow wp-block-column-is-layout-flow\">\n<figure class=\"wp-block-image size-large\"><img loading=\"lazy\" decoding=\"async\" width=\"1281\" height=\"1920\" src=\"https:\/\/www.amenaturopathe.com\/wp-content\/uploads\/2025\/11\/breathwork-amelia-lemire-reze-nantes-1.jpg?w=683\" alt=\"\" class=\"wp-image-1576\" srcset=\"https:\/\/www.amenaturopathe.com\/wp-content\/uploads\/2025\/11\/breathwork-amelia-lemire-reze-nantes-1.jpg 1281w, https:\/\/www.amenaturopathe.com\/wp-content\/uploads\/2025\/11\/breathwork-amelia-lemire-reze-nantes-1-200x300.jpg 200w, https:\/\/www.amenaturopathe.com\/wp-content\/uploads\/2025\/11\/breathwork-amelia-lemire-reze-nantes-1-683x1024.jpg 683w, https:\/\/www.amenaturopathe.com\/wp-content\/uploads\/2025\/11\/breathwork-amelia-lemire-reze-nantes-1-768x1151.jpg 768w, https:\/\/www.amenaturopathe.com\/wp-content\/uploads\/2025\/11\/breathwork-amelia-lemire-reze-nantes-1-1025x1536.jpg 1025w\" sizes=\"auto, (max-width: 1281px) 100vw, 1281px\" \/><\/figure>\n<\/div>\n\n\n\n<div class=\"wp-block-column is-layout-flow wp-block-column-is-layout-flow\">\n<h2 class=\"wp-block-heading\">Qu&rsquo;est ce que le breathwork ? <\/h2>\n\n\n\n<p>C&rsquo;est un terme qui englobe toutes les techniques de <strong>respiration consciente<\/strong>. Celle que j&rsquo;utilise est issue de la respiration holotropique et s&rsquo;effectue de mani\u00e8re circulaire et connect\u00e9e. Cette respiration active est inhabituelle. Elle va cr\u00e9er des changements physiologiques permettant d&rsquo;atteindre des niveaux de conscience modifi\u00e9e et des lib\u00e9rations \u00e9motionnelles. C&rsquo;est un tr\u00e8s bon outils de gestion du stress qui agit autant sur le corps physique, que mental ou \u00e9motionnel. <\/p>\n<\/div>\n<\/div>\n\n\n\n<div class=\"wp-block-buttons is-content-justification-center is-layout-flex wp-container-core-buttons-is-layout-16018d1d wp-block-buttons-is-layout-flex\">\n<div class=\"wp-block-button\"><a class=\"wp-block-button__link wp-element-button\" href=\"https:\/\/www.amenaturopathe.com\/reservation-breathwork\/\" target=\"_blank\" rel=\"noreferrer noopener\">Je r\u00e9serve ma s\u00e9ance<\/a><\/div>\n<\/div>\n\n\n<h2 class=\"wp-block-post-title\">Breathwork<\/h2>\n\n\n<h2 class=\"wp-block-heading\">Les bienfaits <\/h2>\n\n\n\n<p>Le Breathwork est bien plus qu\u2019une simple technique de respiration : c\u2019est un outil puissant pour harmoniser le corps et l\u2019esprit. En apprenant \u00e0 mieux respirer, tu peux <strong>r\u00e9duire ton stress et diminuer ton anxi\u00e9t\u00e9, lib\u00e9rer des blocages \u00e9motionnels et revitaliser ton organisme<\/strong>.<\/p>\n\n\n\n<p>Accessible \u00e0 tous, le Breathwork t\u2019aide \u00e0 retrouver un \u00e9quilibre tout en t\u2019accompagnant sur le chemin d\u2019une meilleure connaissance de toi-m\u00eame.<\/p>\n\n\n\n<div class=\"wp-block-columns is-layout-flex wp-container-core-columns-is-layout-9d6595d7 wp-block-columns-is-layout-flex\">\n<div class=\"wp-block-column is-layout-flow wp-block-column-is-layout-flow\">\n<figure class=\"wp-block-image size-large\"><img loading=\"lazy\" decoding=\"async\" width=\"921\" height=\"1920\" src=\"https:\/\/www.amenaturopathe.com\/wp-content\/uploads\/2025\/11\/breathwork-amelia-lemire-reze-nantes-2-3.jpg?w=491\" alt=\"\" class=\"wp-image-1599\" srcset=\"https:\/\/www.amenaturopathe.com\/wp-content\/uploads\/2025\/11\/breathwork-amelia-lemire-reze-nantes-2-3.jpg 921w, https:\/\/www.amenaturopathe.com\/wp-content\/uploads\/2025\/11\/breathwork-amelia-lemire-reze-nantes-2-3-144x300.jpg 144w, https:\/\/www.amenaturopathe.com\/wp-content\/uploads\/2025\/11\/breathwork-amelia-lemire-reze-nantes-2-3-491x1024.jpg 491w, https:\/\/www.amenaturopathe.com\/wp-content\/uploads\/2025\/11\/breathwork-amelia-lemire-reze-nantes-2-3-768x1601.jpg 768w, https:\/\/www.amenaturopathe.com\/wp-content\/uploads\/2025\/11\/breathwork-amelia-lemire-reze-nantes-2-3-737x1536.jpg 737w\" sizes=\"auto, (max-width: 921px) 100vw, 921px\" \/><\/figure>\n<\/div>\n\n\n\n<div class=\"wp-block-column is-layout-flow wp-block-column-is-layout-flow\">\n<p><mark style=\"background-color:rgba(0, 0, 0, 0)\" class=\"has-inline-color has-primary-color\"><strong>Bienfaits physiologiques<\/strong> :<\/mark><\/p>\n\n\n\n<ul class=\"wp-block-list\">\n<li>Prise de conscience et am\u00e9lioration de la respiration<\/li>\n\n\n\n<li>Activation du syst\u00e8me lymphatique et de la circulation  permettant de d\u00e9toxifier l&rsquo;organisme<\/li>\n\n\n\n<li>Rel\u00e2chement du diaphragme permettant un massage des organes digestifs et am\u00e9liorant la digestion<\/li>\n\n\n\n<li>Meilleure oxyg\u00e9nation cellulaire <\/li>\n\n\n\n<li>Renforcement du syst\u00e8me immunitaire <\/li>\n<\/ul>\n\n\n\n<p><strong><mark style=\"background-color:rgba(0, 0, 0, 0)\" class=\"has-inline-color has-primary-color\">Bienfaits sur la sant\u00e9 mentale<\/mark><\/strong><mark style=\"background-color:rgba(0, 0, 0, 0)\" class=\"has-inline-color has-primary-color\"> :<\/mark><\/p>\n\n\n\n<ul class=\"wp-block-list\">\n<li>Am\u00e9lioration de la gestion du stress et de l&rsquo;anxi\u00e9t\u00e9<\/li>\n\n\n\n<li>Clart\u00e9 mentale aidant \u00e0 la prise de d\u00e9cision<\/li>\n\n\n\n<li>L\u00e2cher-prise et apaisement <\/li>\n<\/ul>\n<\/div>\n<\/div>\n\n\n\n<div class=\"wp-block-columns is-layout-flex wp-container-core-columns-is-layout-9d6595d7 wp-block-columns-is-layout-flex\">\n<div class=\"wp-block-column is-layout-flow wp-block-column-is-layout-flow\" style=\"flex-basis:66.66%\">\n<p class=\"has-primary-color has-text-color has-link-color wp-elements-cbedabcb58b1a376a939a1023f9a115b\"><strong>Bienfaits sur la sph\u00e8re \u00e9motionnelle<\/strong> :<\/p>\n\n\n\n<ul class=\"wp-block-list\">\n<li>Lib\u00e9ration des \u00e9motions bloqu\u00e9es ou refoul\u00e9es <\/li>\n\n\n\n<li>Reconnexion \u00e0 son soi int\u00e9rieur : le l\u00e2cher prise mental permet de se reconnecter \u00e0 ses \u00e9motions <\/li>\n\n\n\n<li>Renforcement de la r\u00e9silience \u00e9motionnelles permettant de mieux g\u00e9rer les fluctuations d&rsquo;humeur <\/li>\n<\/ul>\n<\/div>\n\n\n\n<div class=\"wp-block-column is-layout-flow wp-block-column-is-layout-flow\" style=\"flex-basis:33.33%\"><div class=\"wp-block-image\">\n<figure class=\"aligncenter size-large\"><img loading=\"lazy\" decoding=\"async\" width=\"1003\" height=\"1281\" src=\"https:\/\/www.amenaturopathe.com\/wp-content\/uploads\/2025\/11\/breathwork-amelia-lemire-reze-nantes-5.jpg?w=802\" alt=\"\" class=\"wp-image-1587\" srcset=\"https:\/\/www.amenaturopathe.com\/wp-content\/uploads\/2025\/11\/breathwork-amelia-lemire-reze-nantes-5.jpg 1003w, https:\/\/www.amenaturopathe.com\/wp-content\/uploads\/2025\/11\/breathwork-amelia-lemire-reze-nantes-5-235x300.jpg 235w, https:\/\/www.amenaturopathe.com\/wp-content\/uploads\/2025\/11\/breathwork-amelia-lemire-reze-nantes-5-802x1024.jpg 802w, https:\/\/www.amenaturopathe.com\/wp-content\/uploads\/2025\/11\/breathwork-amelia-lemire-reze-nantes-5-768x981.jpg 768w\" sizes=\"auto, (max-width: 1003px) 100vw, 1003px\" \/><\/figure>\n<\/div><\/div>\n<\/div>\n\n\n\n<div class=\"wp-block-buttons is-content-justification-center is-layout-flex wp-container-core-buttons-is-layout-16018d1d wp-block-buttons-is-layout-flex\">\n<div class=\"wp-block-button\"><a class=\"wp-block-button__link wp-element-button\" href=\"https:\/\/www.amenaturopathe.com\/reservation-breathwork\/\" target=\"_blank\" rel=\"noreferrer noopener\">Je r\u00e9serve ma s\u00e9ance<\/a><\/div>\n<\/div>\n\n\n\n<h2 class=\"wp-block-heading\">Les contre-indications<\/h2>\n\n\n\n<ul class=\"wp-block-list\">\n<li>Hypertension art\u00e9rielle et maladie cardiovasculaires<\/li>\n\n\n\n<li>Glaucome<\/li>\n\n\n\n<li>Epilepsie <\/li>\n\n\n\n<li>Troubles repiratoires : Asthme s\u00e9v\u00e8re, BPCO, <\/li>\n\n\n\n<li>Prise de m\u00e9dicament pouvant alt\u00e9rer la chimie du cerveau (anxiolytiques, antid\u00e9presseurs)<\/li>\n\n\n\n<li>Troubles psy : Diagnostique bipolaire, schizophr\u00e8ne<\/li>\n\n\n\n<li>Stress post-traumatique profond de moins de 6 mois<\/li>\n\n\n\n<li>Femmes enceinte <\/li>\n\n\n\n<li>Prise de drogues r\u00e9cr\u00e9atives <\/li>\n<\/ul>\n\n\n\n<div class=\"wp-block-buttons is-content-justification-center is-layout-flex wp-container-core-buttons-is-layout-16018d1d wp-block-buttons-is-layout-flex\">\n<div class=\"wp-block-button\"><a class=\"wp-block-button__link wp-element-button\" href=\"https:\/\/www.amenaturopathe.com\/reservation-breathwork\/\" target=\"_blank\" rel=\"noreferrer noopener\">Je r\u00e9serve ma s\u00e9ance<\/a><\/div>\n<\/div>\n\n\n\n<h2 class=\"wp-block-heading\">Comment se d\u00e9roule une s\u00e9ance ? <\/h2>\n\n\n\n<p><mark style=\"background-color:rgba(0, 0, 0, 0)\" class=\"has-inline-color has-primary-color\"><strong>En collectif<\/strong> <\/mark>: Groupe de 8 personnes maximum<\/p>\n\n\n\n<div class=\"wp-block-group is-nowrap is-layout-flex wp-container-core-group-is-layout-ad2f72ca wp-block-group-is-layout-flex\">\n<p>La s\u00e9ance se d\u00e9roulera toujours de la mani\u00e8re suivante: Le temps d&rsquo;installation sera suivi des explications du breathwork (technique, temps, effets, contre-indications). L&rsquo;atelier commence par une phase de relaxation puis se poursuit avec la respiration active, un temps d&rsquo;int\u00e9gration et de retour \u00e0 soi. Enfin nous \u00e9changerons sur vos ressentis pour les personnes qui souhaiteront les partager.<\/p>\n<\/div>\n\n\n\n<h2 class=\"wp-block-heading\">Que pr\u00e9voir pour la s\u00e9ance ? <\/h2>\n\n\n\n<p>Pour votre confort, pr\u00e9voyez : <\/p>\n\n\n\n<ul class=\"wp-block-list\">\n<li>Une bouteille d&rsquo;eau <\/li>\n\n\n\n<li>Une tenue confortable qui ne sert pas la taille<\/li>\n\n\n\n<li>Faites un repas l\u00e9ger, facile \u00e0 dig\u00e9rer (\u00e9viter le steack \/ frites) et distanc\u00e9 de plus de 3H avant la s\u00e9ance <\/li>\n\n\n\n<li>Suivant le lieu de la s\u00e9ance : tapis, coussin pour mettre sous les genoux, plaid. Certaines salles dans lesquelles je vous accueille en seront \u00e9quip\u00e9es, vous en serez inform\u00e9 lors de votre r\u00e9servation. <\/li>\n\n\n\n<li>Ne pas avoir consomm\u00e9 d&rsquo;alcool ou de substance la veille ou le jour J<\/li>\n<\/ul>\n\n\n\n<h2 class=\"wp-block-heading\">Vos avis <\/h2>\n\n\n\n<figure class=\"wp-block-gallery has-nested-images columns-default is-cropped wp-block-gallery-1 is-layout-flex wp-block-gallery-is-layout-flex\">\n<figure class=\"wp-block-image size-large\"><img loading=\"lazy\" decoding=\"async\" width=\"1022\" height=\"344\" data-id=\"1604\" src=\"https:\/\/www.amenaturopathe.com\/wp-content\/uploads\/2025\/11\/avis-breathwork-amelia-lemire-nantes-6.jpg?w=1022\" alt=\"\" class=\"wp-image-1604\" srcset=\"https:\/\/www.amenaturopathe.com\/wp-content\/uploads\/2025\/11\/avis-breathwork-amelia-lemire-nantes-6.jpg 1022w, https:\/\/www.amenaturopathe.com\/wp-content\/uploads\/2025\/11\/avis-breathwork-amelia-lemire-nantes-6-300x101.jpg 300w, https:\/\/www.amenaturopathe.com\/wp-content\/uploads\/2025\/11\/avis-breathwork-amelia-lemire-nantes-6-768x259.jpg 768w\" sizes=\"auto, (max-width: 1022px) 100vw, 1022px\" \/><\/figure>\n\n\n\n<figure class=\"wp-block-image size-large\"><img loading=\"lazy\" decoding=\"async\" width=\"1003\" height=\"453\" data-id=\"1605\" src=\"https:\/\/www.amenaturopathe.com\/wp-content\/uploads\/2025\/11\/avis-breathwork-amelia-lemire-nantes-2.jpg?w=1003\" alt=\"\" class=\"wp-image-1605\" srcset=\"https:\/\/www.amenaturopathe.com\/wp-content\/uploads\/2025\/11\/avis-breathwork-amelia-lemire-nantes-2.jpg 1003w, https:\/\/www.amenaturopathe.com\/wp-content\/uploads\/2025\/11\/avis-breathwork-amelia-lemire-nantes-2-300x135.jpg 300w, https:\/\/www.amenaturopathe.com\/wp-content\/uploads\/2025\/11\/avis-breathwork-amelia-lemire-nantes-2-768x347.jpg 768w\" sizes=\"auto, (max-width: 1003px) 100vw, 1003px\" \/><\/figure>\n\n\n\n<figure class=\"wp-block-image size-large\"><img loading=\"lazy\" decoding=\"async\" width=\"1013\" height=\"362\" data-id=\"1606\" src=\"https:\/\/www.amenaturopathe.com\/wp-content\/uploads\/2025\/11\/avis-breathwork-amelia-lemire-nantes-5.jpg?w=1013\" alt=\"\" class=\"wp-image-1606\" srcset=\"https:\/\/www.amenaturopathe.com\/wp-content\/uploads\/2025\/11\/avis-breathwork-amelia-lemire-nantes-5.jpg 1013w, https:\/\/www.amenaturopathe.com\/wp-content\/uploads\/2025\/11\/avis-breathwork-amelia-lemire-nantes-5-300x107.jpg 300w, https:\/\/www.amenaturopathe.com\/wp-content\/uploads\/2025\/11\/avis-breathwork-amelia-lemire-nantes-5-768x274.jpg 768w\" sizes=\"auto, (max-width: 1013px) 100vw, 1013px\" \/><\/figure>\n\n\n\n<figure class=\"wp-block-image size-large\"><img loading=\"lazy\" decoding=\"async\" width=\"1006\" height=\"385\" data-id=\"1603\" src=\"https:\/\/www.amenaturopathe.com\/wp-content\/uploads\/2025\/11\/avis-breathwork-amelia-lemire-nantes-3.jpg?w=1006\" alt=\"\" class=\"wp-image-1603\" srcset=\"https:\/\/www.amenaturopathe.com\/wp-content\/uploads\/2025\/11\/avis-breathwork-amelia-lemire-nantes-3.jpg 1006w, https:\/\/www.amenaturopathe.com\/wp-content\/uploads\/2025\/11\/avis-breathwork-amelia-lemire-nantes-3-300x115.jpg 300w, https:\/\/www.amenaturopathe.com\/wp-content\/uploads\/2025\/11\/avis-breathwork-amelia-lemire-nantes-3-768x294.jpg 768w\" sizes=\"auto, (max-width: 1006px) 100vw, 1006px\" \/><\/figure>\n\n\n\n<figure class=\"wp-block-image size-large\"><img loading=\"lazy\" decoding=\"async\" width=\"1029\" height=\"383\" data-id=\"1608\" src=\"https:\/\/www.amenaturopathe.com\/wp-content\/uploads\/2025\/11\/avis-breathwork-amelia-lemire-nantes-4.jpg?w=1024\" alt=\"\" class=\"wp-image-1608\" srcset=\"https:\/\/www.amenaturopathe.com\/wp-content\/uploads\/2025\/11\/avis-breathwork-amelia-lemire-nantes-4.jpg 1029w, https:\/\/www.amenaturopathe.com\/wp-content\/uploads\/2025\/11\/avis-breathwork-amelia-lemire-nantes-4-300x112.jpg 300w, https:\/\/www.amenaturopathe.com\/wp-content\/uploads\/2025\/11\/avis-breathwork-amelia-lemire-nantes-4-1024x381.jpg 1024w, https:\/\/www.amenaturopathe.com\/wp-content\/uploads\/2025\/11\/avis-breathwork-amelia-lemire-nantes-4-768x286.jpg 768w\" sizes=\"auto, (max-width: 1029px) 100vw, 1029px\" \/><\/figure>\n\n\n\n<figure class=\"wp-block-image size-large\"><img loading=\"lazy\" decoding=\"async\" width=\"1008\" height=\"464\" data-id=\"1607\" src=\"https:\/\/www.amenaturopathe.com\/wp-content\/uploads\/2025\/11\/avis-breathwork-amelia-lemire-reze-nantes.jpg?w=1008\" alt=\"\" class=\"wp-image-1607\" srcset=\"https:\/\/www.amenaturopathe.com\/wp-content\/uploads\/2025\/11\/avis-breathwork-amelia-lemire-reze-nantes.jpg 1008w, https:\/\/www.amenaturopathe.com\/wp-content\/uploads\/2025\/11\/avis-breathwork-amelia-lemire-reze-nantes-300x138.jpg 300w, https:\/\/www.amenaturopathe.com\/wp-content\/uploads\/2025\/11\/avis-breathwork-amelia-lemire-reze-nantes-768x354.jpg 768w\" sizes=\"auto, (max-width: 1008px) 100vw, 1008px\" \/><\/figure>\n<\/figure>\n\n\n\n<div class=\"wp-block-buttons is-content-justification-center is-layout-flex wp-container-core-buttons-is-layout-16018d1d wp-block-buttons-is-layout-flex\">\n<div class=\"wp-block-button\"><a class=\"wp-block-button__link wp-element-button\" href=\"https:\/\/www.amenaturopathe.com\/reservation-breathwork\/\">Je r\u00e9serve ma s\u00e9ance<\/a><\/div>\n<\/div>\n\n\n\n<p><\/p>\n","protected":false},"excerpt":{"rendered":"<p>Explorez la puissance du souffle et du l\u00e2cher-prise Qu&rsquo;est ce que le breathwork ? C&rsquo;est un terme qui englobe toutes les techniques de respiration consciente. Celle que j&rsquo;utilise est issue de la respiration holotropique et s&rsquo;effectue de mani\u00e8re circulaire et connect\u00e9e. Cette respiration active est inhabituelle. Elle va cr\u00e9er des changements physiologiques permettant d&rsquo;atteindre des niveaux de conscience modifi\u00e9e et des lib\u00e9rations \u00e9motionnelles. C&rsquo;est un tr\u00e8s bon outils de gestion du stress qui agit autant sur le corps physique, que mental ou \u00e9motionnel. Les bienfaits Le Breathwork est bien plus qu\u2019une simple technique de respiration : c\u2019est un outil puissant pour harmoniser le corps et l\u2019esprit. En apprenant \u00e0 mieux respirer, tu peux r\u00e9duire ton stress et diminuer ton anxi\u00e9t\u00e9, lib\u00e9rer des blocages \u00e9motionnels et revitaliser ton organisme. Accessible \u00e0 tous, le Breathwork t\u2019aide \u00e0 retrouver un \u00e9quilibre tout en t\u2019accompagnant sur le chemin d\u2019une meilleure connaissance de toi-m\u00eame. Bienfaits physiologiques : Bienfaits sur la sant\u00e9 mentale : Bienfaits sur la sph\u00e8re \u00e9motionnelle : Les contre-indications Comment se d\u00e9roule une s\u00e9ance ? En collectif : Groupe de 8 personnes maximum La s\u00e9ance se d\u00e9roulera toujours de la mani\u00e8re suivante: Le temps d&rsquo;installation sera suivi des explications du breathwork (technique, temps, effets, contre-indications). L&rsquo;atelier commence par une phase de relaxation puis se poursuit avec la respiration active, un temps d&rsquo;int\u00e9gration et de retour \u00e0 soi. Enfin nous \u00e9changerons sur vos ressentis pour les personnes qui souhaiteront les partager. Que pr\u00e9voir pour la s\u00e9ance ? Pour votre confort, pr\u00e9voyez : Vos avis<\/p>\n","protected":false},"author":2,"featured_media":0,"parent":0,"menu_order":0,"comment_status":"closed","ping_status":"closed","template":"","meta":{"footnotes":""},"class_list":["post-1266","page","type-page","status-publish","hentry"],"_links":{"self":[{"href":"https:\/\/www.amenaturopathe.com\/index.php?rest_route=\/wp\/v2\/pages\/1266","targetHints":{"allow":["GET"]}}],"collection":[{"href":"https:\/\/www.amenaturopathe.com\/index.php?rest_route=\/wp\/v2\/pages"}],"about":[{"href":"https:\/\/www.amenaturopathe.com\/index.php?rest_route=\/wp\/v2\/types\/page"}],"author":[{"embeddable":true,"href":"https:\/\/www.amenaturopathe.com\/index.php?rest_route=\/wp\/v2\/users\/2"}],"replies":[{"embeddable":true,"href":"https:\/\/www.amenaturopathe.com\/index.php?rest_route=%2Fwp%2Fv2%2Fcomments&post=1266"}],"version-history":[{"count":0,"href":"https:\/\/www.amenaturopathe.com\/index.php?rest_route=\/wp\/v2\/pages\/1266\/revisions"}],"wp:attachment":[{"href":"https:\/\/www.amenaturopathe.com\/index.php?rest_route=%2Fwp%2Fv2%2Fmedia&parent=1266"}],"curies":[{"name":"wp","href":"https:\/\/api.w.org\/{rel}","templated":true}]}}