{"id":667,"date":"2022-09-30T10:13:12","date_gmt":"2022-09-30T08:13:12","guid":{"rendered":"https:\/\/amenaturo.wpcomstaging.com\/?page_id=667"},"modified":"2022-09-30T10:13:12","modified_gmt":"2022-09-30T08:13:12","slug":"drainage-lymphatique-6","status":"publish","type":"page","link":"https:\/\/www.amenaturopathe.com\/?page_id=667","title":{"rendered":"Drainage lymphatique MED"},"content":{"rendered":"\n<div class=\"wp-block-group\"><div class=\"wp-block-group__inner-container is-layout-constrained wp-block-group-is-layout-constrained\">\n<p class=\"has-text-align-left\">Le massage \u00e9nerg\u00e9tique drainant (MED) est une technique de massage qui vise \u00e0 activer la circulation de la lymphe pour stimuler l&rsquo;\u00e9liminations des d\u00e9chets et toxines de l&rsquo;organisme.<\/p>\n\n\n\n<p>Je vous propose un drainage unique associant techniques manuelles et \u00e9nerg\u00e9tiques pour potentialiser son action:<\/p>\n\n\n\n<ul class=\"wp-block-list\">\n<li><strong>Drainage lymphatique Br\u00e9silien<\/strong>: m\u00e9thode  alternant des mouvements de pompages des ganglions lymphatiques, une pression ferme et un rythme acc\u00e9l\u00e9r\u00e9 avec des man\u0153uvres exclusives. <\/li>\n<\/ul>\n\n\n\n<ul class=\"wp-block-list\">\n<li><strong>R\u00e9flexologie plantaire <\/strong>ax\u00e9e sur le syst\u00e8me lymphatique<\/li>\n<\/ul>\n\n\n\n<ul class=\"wp-block-list\">\n<li><strong>MTC<\/strong> (stimulation de points d&rsquo;acupression)<\/li>\n\n\n\n<li>Technique de <strong>massage minceur et bien-\u00eatre<\/strong><\/li>\n<\/ul>\n<\/div><\/div>\n\n\n\n<figure class=\"wp-block-video wp-block-embed is-type-video is-provider-videopress\"><div class=\"wp-block-embed__wrapper\">\n<iframe title=\"VideoPress Video Player\" aria-label='VideoPress Video Player' width='960' height='540' src='https:\/\/videopress.com\/embed\/Eju7Tdpk?cover=1&amp;autoPlay=1&amp;posterUrl=https%3A%2F%2Fvideos.files.wordpress.com%2FEju7Tdpk%2Fdrainage-med_mp4_std.original.jpg&amp;preloadContent=metadata&amp;useAverageColor=1&amp;hd=0' frameborder='0' allowfullscreen data-resize-to-parent=\"true\" allow='clipboard-write'><\/iframe><script src='https:\/\/v0.wordpress.com\/js\/next\/videopress-iframe.js?m=1770107250'><\/script>\n<\/div><figcaption>R\u00e9alisation photo &amp; vid\u00e9o Brahim Hachlaf<\/figcaption><\/figure>\n\n\n\n<h2 class=\"wp-block-heading\">Les b\u00e9n\u00e9fices<\/h2>\n\n\n\n<div class=\"wp-block-media-text alignwide has-media-on-the-right is-stacked-on-mobile\"><div class=\"wp-block-media-text__content\">\n<ul class=\"wp-block-list\">\n<li>Sensation de bien-\u00eatre et de l\u00e9g\u00e8ret\u00e9 <\/li>\n\n\n\n<li>D\u00e9toxication<\/li>\n\n\n\n<li>Silhouette affin\u00e9e, cellulite gomm\u00e9e<\/li>\n\n\n\n<li>Peau plus ferme et plus \u00e9clatante<\/li>\n\n\n\n<li>Apaise les troubles digestifs<\/li>\n\n\n\n<li>Soulage la sensation de jambes lourdes<\/li>\n\n\n\n<li>Meilleure r\u00e9cup\u00e9ration musculaire pour les sportifs<\/li>\n\n\n\n<li>Soulage les douleurs gyneco li\u00e9es \u00e0 l&rsquo;endom\u00e9triose, SOPK, &#8230;<\/li>\n\n\n\n<li>Stimule le syst\u00e8me immunitaire<\/li>\n\n\n\n<li>Tr\u00e8s efficace sur la r\u00e9tention d&rsquo;eau<\/li>\n<\/ul>\n<\/div><figure class=\"wp-block-media-text__media\"><img loading=\"lazy\" decoding=\"async\" width=\"968\" height=\"1281\" src=\"https:\/\/www.amenaturopathe.com\/wp-content\/uploads\/2025\/12\/drainage-lymphatique-massage-reze-nantes-les-sorinieres-basse-goulaine-41.jpg?w=750\" alt=\"\" class=\"wp-image-1651 size-full\" srcset=\"https:\/\/www.amenaturopathe.com\/wp-content\/uploads\/2025\/12\/drainage-lymphatique-massage-reze-nantes-les-sorinieres-basse-goulaine-41.jpg 968w, https:\/\/www.amenaturopathe.com\/wp-content\/uploads\/2025\/12\/drainage-lymphatique-massage-reze-nantes-les-sorinieres-basse-goulaine-41-227x300.jpg 227w, https:\/\/www.amenaturopathe.com\/wp-content\/uploads\/2025\/12\/drainage-lymphatique-massage-reze-nantes-les-sorinieres-basse-goulaine-41-774x1024.jpg 774w, https:\/\/www.amenaturopathe.com\/wp-content\/uploads\/2025\/12\/drainage-lymphatique-massage-reze-nantes-les-sorinieres-basse-goulaine-41-768x1016.jpg 768w\" sizes=\"auto, (max-width: 968px) 100vw, 968px\" \/><\/figure><\/div>\n\n\n\n<h2 class=\"wp-block-heading has-text-align-right\">Contre-indications<\/h2>\n\n\n\n<div class=\"wp-block-media-text alignwide is-stacked-on-mobile\"><figure class=\"wp-block-media-text__media\"><img loading=\"lazy\" decoding=\"async\" width=\"1281\" height=\"1920\" src=\"https:\/\/www.amenaturopathe.com\/wp-content\/uploads\/2025\/12\/drainage-lymphatique-massage-reze-nantes-les-sorinieres-basse-goulaine-11.jpg?w=683\" alt=\"\" class=\"wp-image-1650 size-full\" srcset=\"https:\/\/www.amenaturopathe.com\/wp-content\/uploads\/2025\/12\/drainage-lymphatique-massage-reze-nantes-les-sorinieres-basse-goulaine-11.jpg 1281w, https:\/\/www.amenaturopathe.com\/wp-content\/uploads\/2025\/12\/drainage-lymphatique-massage-reze-nantes-les-sorinieres-basse-goulaine-11-200x300.jpg 200w, https:\/\/www.amenaturopathe.com\/wp-content\/uploads\/2025\/12\/drainage-lymphatique-massage-reze-nantes-les-sorinieres-basse-goulaine-11-683x1024.jpg 683w, https:\/\/www.amenaturopathe.com\/wp-content\/uploads\/2025\/12\/drainage-lymphatique-massage-reze-nantes-les-sorinieres-basse-goulaine-11-768x1151.jpg 768w, https:\/\/www.amenaturopathe.com\/wp-content\/uploads\/2025\/12\/drainage-lymphatique-massage-reze-nantes-les-sorinieres-basse-goulaine-11-1025x1536.jpg 1025w\" sizes=\"auto, (max-width: 1281px) 100vw, 1281px\" \/><\/figure><div class=\"wp-block-media-text__content\">\n<p>Le drainage lymphatique est<strong> contre-indiqu\u00e9<\/strong> dans le cas de : <\/p>\n\n\n\n<ul class=\"wp-block-list\">\n<li>Infections aigues (grippe, fi\u00e8vre, gonflements anormaux, \u00e9ruption cutan\u00e9es)<\/li>\n<\/ul>\n\n\n\n<ul class=\"wp-block-list\">\n<li>Maladie malignes ou immunitaires (cancer, tuberculose, leuc\u00e9mie, SIDA, lymphome) et r\u00e9mission de moins de 5 ans<\/li>\n<\/ul>\n\n\n\n<ul class=\"wp-block-list\">\n<li>Suspicion de thrombose ou phl\u00e9bite<\/li>\n<\/ul>\n\n\n\n<ul class=\"wp-block-list\">\n<li>Insuffisance r\u00e9nale ou cardiaque<\/li>\n<\/ul>\n\n\n\n<p>Le drainage ne sera <strong>pas recommand\u00e9<\/strong> en cas de varices douloureuse, liposucions ou chirurgie de moins de 3 mois, curetage axillaire, gros h\u00e9matome post-op\u00e9ratoire, hypertension ou hyperthyro\u00efdie sauf si autorisation \u00e9crite de votre  m\u00e9decin. <\/p>\n\n\n\n<p>Chez la<strong> femme enceinte<\/strong>, le drainage est efficace pour les jambes lourdes, la r\u00e9tention d&rsquo;eau. En revanche aucun mouvement ne sera pratiqu\u00e9 sur le ventre. <\/p>\n<\/div><\/div>\n\n\n\n<div class=\"wp-block-buttons is-content-justification-center is-layout-flex wp-container-core-buttons-is-layout-16018d1d wp-block-buttons-is-layout-flex\">\n<div class=\"wp-block-button\"><a class=\"wp-block-button__link wp-element-button\" href=\"https:\/\/www.amenaturopathe.com\/tarifs\/\">JE SOUHAITE PRENDRE RDV<\/a><\/div>\n<\/div>\n\n\n\n<p><\/p>\n\n\n\n<h2 class=\"wp-block-heading\">Vos t\u00e9moignages suite \u00e0 votre exp\u00e9rience de drainage lymphatique :<\/h2>\n\n\n\n<div class=\"wp-block-jetpack-slideshow aligncenter\" data-effect=\"slide\" style=\"--aspect-ratio:calc(1004 \/ 488)\"><div class=\"wp-block-jetpack-slideshow_container swiper\"><ul class=\"wp-block-jetpack-slideshow_swiper-wrapper swiper-wrapper\"><li class=\"wp-block-jetpack-slideshow_slide swiper-slide\"><figure><img loading=\"lazy\" decoding=\"async\" width=\"1004\" height=\"488\" alt=\"\" class=\"wp-block-jetpack-slideshow_image wp-image-1039\" data-id=\"1039\" data-aspect-ratio=\"1004 \/ 488\" src=\"https:\/\/www.amenaturopathe.com\/wp-content\/uploads\/2024\/04\/avis-drainage-lysiane.jpg\" srcset=\"https:\/\/www.amenaturopathe.com\/wp-content\/uploads\/2024\/04\/avis-drainage-lysiane.jpg 1004w, https:\/\/www.amenaturopathe.com\/wp-content\/uploads\/2024\/04\/avis-drainage-lysiane-300x146.jpg 300w, https:\/\/www.amenaturopathe.com\/wp-content\/uploads\/2024\/04\/avis-drainage-lysiane-768x373.jpg 768w\" sizes=\"auto, (max-width: 1004px) 100vw, 1004px\" \/><\/figure><\/li><li class=\"wp-block-jetpack-slideshow_slide swiper-slide\"><figure><img loading=\"lazy\" decoding=\"async\" width=\"1018\" height=\"378\" alt=\"\" class=\"wp-block-jetpack-slideshow_image wp-image-969\" data-id=\"969\" data-aspect-ratio=\"1018 \/ 378\" src=\"https:\/\/www.amenaturopathe.com\/wp-content\/uploads\/2024\/04\/avis-drainage-sarah.jpg\" srcset=\"https:\/\/www.amenaturopathe.com\/wp-content\/uploads\/2024\/04\/avis-drainage-sarah.jpg 1018w, https:\/\/www.amenaturopathe.com\/wp-content\/uploads\/2024\/04\/avis-drainage-sarah-300x111.jpg 300w, https:\/\/www.amenaturopathe.com\/wp-content\/uploads\/2024\/04\/avis-drainage-sarah-768x285.jpg 768w\" sizes=\"auto, (max-width: 1018px) 100vw, 1018px\" \/><\/figure><\/li><li class=\"wp-block-jetpack-slideshow_slide swiper-slide\"><figure><img loading=\"lazy\" decoding=\"async\" width=\"1011\" height=\"398\" alt=\"\" class=\"wp-block-jetpack-slideshow_image wp-image-970\" data-id=\"970\" data-aspect-ratio=\"1011 \/ 398\" src=\"https:\/\/www.amenaturopathe.com\/wp-content\/uploads\/2024\/04\/avis-drainage-sabrina.jpg\" srcset=\"https:\/\/www.amenaturopathe.com\/wp-content\/uploads\/2024\/04\/avis-drainage-sabrina.jpg 1011w, https:\/\/www.amenaturopathe.com\/wp-content\/uploads\/2024\/04\/avis-drainage-sabrina-300x118.jpg 300w, https:\/\/www.amenaturopathe.com\/wp-content\/uploads\/2024\/04\/avis-drainage-sabrina-768x302.jpg 768w\" sizes=\"auto, (max-width: 1011px) 100vw, 1011px\" \/><\/figure><\/li><li class=\"wp-block-jetpack-slideshow_slide swiper-slide\"><figure><img loading=\"lazy\" decoding=\"async\" width=\"1019\" height=\"347\" alt=\"\" class=\"wp-block-jetpack-slideshow_image wp-image-968\" data-id=\"968\" data-aspect-ratio=\"1019 \/ 347\" src=\"https:\/\/www.amenaturopathe.com\/wp-content\/uploads\/2024\/04\/avis-drainage-julie-1.jpg\" srcset=\"https:\/\/www.amenaturopathe.com\/wp-content\/uploads\/2024\/04\/avis-drainage-julie-1.jpg 1019w, https:\/\/www.amenaturopathe.com\/wp-content\/uploads\/2024\/04\/avis-drainage-julie-1-300x102.jpg 300w, https:\/\/www.amenaturopathe.com\/wp-content\/uploads\/2024\/04\/avis-drainage-julie-1-768x262.jpg 768w\" sizes=\"auto, (max-width: 1019px) 100vw, 1019px\" \/><\/figure><\/li><li class=\"wp-block-jetpack-slideshow_slide swiper-slide\"><figure><img loading=\"lazy\" decoding=\"async\" width=\"1025\" height=\"343\" alt=\"\" class=\"wp-block-jetpack-slideshow_image wp-image-967\" data-id=\"967\" data-aspect-ratio=\"1025 \/ 343\" src=\"https:\/\/www.amenaturopathe.com\/wp-content\/uploads\/2024\/04\/avis-drainage-coline-1.jpg\" srcset=\"https:\/\/www.amenaturopathe.com\/wp-content\/uploads\/2024\/04\/avis-drainage-coline-1.jpg 1025w, https:\/\/www.amenaturopathe.com\/wp-content\/uploads\/2024\/04\/avis-drainage-coline-1-300x100.jpg 300w, https:\/\/www.amenaturopathe.com\/wp-content\/uploads\/2024\/04\/avis-drainage-coline-1-768x257.jpg 768w\" sizes=\"auto, (max-width: 1025px) 100vw, 1025px\" \/><\/figure><\/li><li class=\"wp-block-jetpack-slideshow_slide swiper-slide\"><figure><img loading=\"lazy\" decoding=\"async\" width=\"1010\" height=\"321\" alt=\"\" class=\"wp-block-jetpack-slideshow_image wp-image-971\" data-id=\"971\" data-aspect-ratio=\"1010 \/ 321\" src=\"https:\/\/www.amenaturopathe.com\/wp-content\/uploads\/2024\/04\/avis-drinage-sandrine.jpg\" srcset=\"https:\/\/www.amenaturopathe.com\/wp-content\/uploads\/2024\/04\/avis-drinage-sandrine.jpg 1010w, https:\/\/www.amenaturopathe.com\/wp-content\/uploads\/2024\/04\/avis-drinage-sandrine-300x95.jpg 300w, https:\/\/www.amenaturopathe.com\/wp-content\/uploads\/2024\/04\/avis-drinage-sandrine-768x244.jpg 768w\" sizes=\"auto, (max-width: 1010px) 100vw, 1010px\" \/><\/figure><\/li><li class=\"wp-block-jetpack-slideshow_slide swiper-slide\"><figure><img loading=\"lazy\" decoding=\"async\" width=\"1188\" height=\"426\" alt=\"\" class=\"wp-block-jetpack-slideshow_image wp-image-1653\" data-id=\"1653\" data-aspect-ratio=\"1188 \/ 426\" src=\"https:\/\/www.amenaturopathe.com\/wp-content\/uploads\/2025\/12\/elodie-drainge-lymphatique-amelia-lemire-naturopathe-nantes-reze.png\" srcset=\"https:\/\/www.amenaturopathe.com\/wp-content\/uploads\/2025\/12\/elodie-drainge-lymphatique-amelia-lemire-naturopathe-nantes-reze.png 1188w, https:\/\/www.amenaturopathe.com\/wp-content\/uploads\/2025\/12\/elodie-drainge-lymphatique-amelia-lemire-naturopathe-nantes-reze-300x108.png 300w, https:\/\/www.amenaturopathe.com\/wp-content\/uploads\/2025\/12\/elodie-drainge-lymphatique-amelia-lemire-naturopathe-nantes-reze-1024x367.png 1024w, https:\/\/www.amenaturopathe.com\/wp-content\/uploads\/2025\/12\/elodie-drainge-lymphatique-amelia-lemire-naturopathe-nantes-reze-768x275.png 768w\" sizes=\"auto, (max-width: 1188px) 100vw, 1188px\" \/><\/figure><\/li><\/ul><a class=\"wp-block-jetpack-slideshow_button-prev swiper-button-prev swiper-button-white\" role=\"button\"><\/a><a class=\"wp-block-jetpack-slideshow_button-next swiper-button-next swiper-button-white\" role=\"button\"><\/a><a aria-label=\"Pause Slideshow\" class=\"wp-block-jetpack-slideshow_button-pause\" role=\"button\"><\/a><div class=\"wp-block-jetpack-slideshow_pagination swiper-pagination swiper-pagination-white\"><\/div><\/div><\/div>\n","protected":false},"excerpt":{"rendered":"<p>Le massage \u00e9nerg\u00e9tique drainant (MED) est une technique de massage qui vise \u00e0 activer la circulation de la lymphe pour stimuler l&rsquo;\u00e9liminations des d\u00e9chets et toxines de l&rsquo;organisme. Je vous propose un drainage unique associant techniques manuelles et \u00e9nerg\u00e9tiques pour potentialiser son action: Les b\u00e9n\u00e9fices Contre-indications Vos t\u00e9moignages suite \u00e0 votre exp\u00e9rience de drainage lymphatique :<\/p>\n","protected":false},"author":2,"featured_media":0,"parent":0,"menu_order":0,"comment_status":"closed","ping_status":"closed","template":"","meta":{"footnotes":""},"class_list":["post-667","page","type-page","status-publish","hentry"],"_links":{"self":[{"href":"https:\/\/www.amenaturopathe.com\/index.php?rest_route=\/wp\/v2\/pages\/667","targetHints":{"allow":["GET"]}}],"collection":[{"href":"https:\/\/www.amenaturopathe.com\/index.php?rest_route=\/wp\/v2\/pages"}],"about":[{"href":"https:\/\/www.amenaturopathe.com\/index.php?rest_route=\/wp\/v2\/types\/page"}],"author":[{"embeddable":true,"href":"https:\/\/www.amenaturopathe.com\/index.php?rest_route=\/wp\/v2\/users\/2"}],"replies":[{"embeddable":true,"href":"https:\/\/www.amenaturopathe.com\/index.php?rest_route=%2Fwp%2Fv2%2Fcomments&post=667"}],"version-history":[{"count":0,"href":"https:\/\/www.amenaturopathe.com\/index.php?rest_route=\/wp\/v2\/pages\/667\/revisions"}],"wp:attachment":[{"href":"https:\/\/www.amenaturopathe.com\/index.php?rest_route=%2Fwp%2Fv2%2Fmedia&parent=667"}],"curies":[{"name":"wp","href":"https:\/\/api.w.org\/{rel}","templated":true}]}}