{"id":839,"date":"2023-10-27T17:06:25","date_gmt":"2023-10-27T15:06:25","guid":{"rendered":"https:\/\/amenaturo.wpcomstaging.com\/?page_id=839"},"modified":"2023-10-27T17:06:25","modified_gmt":"2023-10-27T15:06:25","slug":"methode-jmv","status":"publish","type":"page","link":"https:\/\/www.amenaturopathe.com\/?page_id=839","title":{"rendered":"M\u00e9thode JMV \u00ae"},"content":{"rendered":"\n<p class=\"has-text-align-center has-primary-background-color has-background\">La m\u00e9thode JMV est une technique qui associe kin\u00e9siologie, mouvements oculaires proche de l&rsquo;EMDR, MTC (M\u00e9decine Traditionnelle Chinoise) et points d&rsquo;acupression. V\u00e9ritable th\u00e9rapie naturelle,&nbsp;la <strong><a href=\"https:\/\/methodejmv.com\/\">M\u00e9thode JMV\u00ae<\/a><\/strong>&nbsp;vise \u00e0 chercher les causes d\u2019un probl\u00e8me physique, mental ou \u00e9motionnel et \u00e0 corriger les perturbations pour permettre \u00e0 l\u2019organisme de s\u2019<strong>autor\u00e9guler<\/strong>.<\/p>\n\n\n\n<h2 class=\"wp-block-heading has-primary-color has-text-color has-link-color wp-elements-6fc0b4e9d91d0ca71ed83b53b9b7d4f3\">Pourquoi faire une s\u00e9ance JMV<strong>\u00ae<\/strong> ? <\/h2>\n\n\n\n<p>Diff\u00e9rentes probl\u00e9matiques peuvent impacter le bon fonctionnement de votre organisme. Certaines sources peuvent \u00eatre externes et d&rsquo;autres internes. Voici des exemples: <\/p>\n\n\n\n<div class=\"wp-block-columns is-layout-flex wp-container-core-columns-is-layout-9d6595d7 wp-block-columns-is-layout-flex\">\n<div class=\"wp-block-column is-layout-flow wp-block-column-is-layout-flow\" style=\"flex-basis:50%\">\n<figure class=\"wp-block-image size-large\"><img decoding=\"async\" src=\"https:\/\/www.amenaturopathe.com\/wp-content\/uploads\/2023\/10\/perturbations-externe-jmv.png?w=724\" alt=\"\" class=\"wp-image-845\" \/><\/figure>\n<\/div>\n\n\n\n<div class=\"wp-block-column is-layout-flow wp-block-column-is-layout-flow\" style=\"flex-basis:50%\">\n<figure class=\"wp-block-image size-large\"><img loading=\"lazy\" decoding=\"async\" width=\"1587\" height=\"2245\" src=\"https:\/\/www.amenaturopathe.com\/wp-content\/uploads\/2023\/10\/perturbations-interne-jmv.png?w=724\" alt=\"\" class=\"wp-image-844\" srcset=\"https:\/\/www.amenaturopathe.com\/wp-content\/uploads\/2023\/10\/perturbations-interne-jmv.png 1587w, https:\/\/www.amenaturopathe.com\/wp-content\/uploads\/2023\/10\/perturbations-interne-jmv-212x300.png 212w, https:\/\/www.amenaturopathe.com\/wp-content\/uploads\/2023\/10\/perturbations-interne-jmv-724x1024.png 724w, https:\/\/www.amenaturopathe.com\/wp-content\/uploads\/2023\/10\/perturbations-interne-jmv-768x1086.png 768w, https:\/\/www.amenaturopathe.com\/wp-content\/uploads\/2023\/10\/perturbations-interne-jmv-1086x1536.png 1086w, https:\/\/www.amenaturopathe.com\/wp-content\/uploads\/2023\/10\/perturbations-interne-jmv-1448x2048.png 1448w\" sizes=\"auto, (max-width: 1587px) 100vw, 1587px\" \/><\/figure>\n<\/div>\n<\/div>\n\n\n\n<p class=\"has-primary-background-color has-background\">Tout type de d\u00e9s\u00e9quilibre peut favoriser l&rsquo;apparitions de sympt\u00f4mes voire de pathologies: Candidose, d\u00e9pression, allergies, rhume des foins, boulimie, anorexie, prise de poids, insomnie, fatigue chronique, constipation, ballonnements, c\u00f4lon irritable, migraine, mal de dos, fibromyalgie, d\u00e9r\u00e8glement thyro\u00efdiens, intol\u00e9rances alimentaires, etc\u2026<\/p>\n\n\n\n<h2 class=\"wp-block-heading has-primary-color has-text-color has-link-color wp-elements-691e98404a0c9338debb169f8ae87a7f\">Comment se d\u00e9roule une s\u00e9ance ? <\/h2>\n\n\n\n<p>Une s\u00e9ance dure 1H15. Tout d&rsquo;abord nous allons prendre un temps pour \u00e9changer sur votre probl\u00e9matique, cibler les besoins pour r\u00e9pondre au mieux \u00e0 votre demande. <\/p>\n\n\n\n<div class=\"wp-block-media-text is-stacked-on-mobile\"><figure class=\"wp-block-media-text__media\"><video controls src=\"https:\/\/videos.files.wordpress.com\/gumudmyE\/methode-jmv.mp4\"><\/video><\/figure><div class=\"wp-block-media-text__content\">\n<p class=\"has-background-background-color has-background\">1 Puis, nous cherchons l\u2019origine des probl\u00e8mes (\u00e9motionnelle, structurelle, physiologique, alimentaire\u2026) gr\u00e2ce \u00e0 une s\u00e9rie de tests neuromusculaire.<\/p>\n\n\n\n<p class=\"has-background-background-color has-background\">2 Ensuite, nous supprimons les blocages \u00e9nerg\u00e9tico-physiologiques gr\u00e2ce aux mouvements oculaires combin\u00e9s \u00e0 des informations neuronales.<\/p>\n\n\n\n<p>3 Nous venons stimuler certains points des m\u00e9ridiens pour renforcer les organes \u2013 comme en acupuncture \u2013 afin de vaincre d\u00e9finitivement les perturbations et intol\u00e9rances. De nouvelles informations et fr\u00e9quences vont permettre au cerveau de trouver le chemin du bien-\u00eatre.<\/p>\n\n\n\n<p>4 L&rsquo;organisme retrouve le chemin de l&rsquo;autogu\u00e9rison gr\u00e2ce \u00e0 cette remise \u00e0 niveau \u00e9nerg\u00e9tique !<\/p>\n<\/div><\/div>\n\n\n\n<p class=\"has-background-background-color has-background\">La M\u00e9thode JMV \u00ae est une m\u00e9thode \u00e9nerg\u00e9tique naturelle et compl\u00e9mentaire de la m\u00e9decine traditionnelle. Demandez l\u2019avis de votre m\u00e9decin en ayant un suivi r\u00e9gulier avec celui-ci afin d\u2019adapter votre traitement si n\u00e9cessaire.<\/p>\n\n\n\n<p>Pour plus de renseignements sur la m\u00e9thode: <a href=\"https:\/\/methodejmv.com\/la-methode-jmv\/\">https:\/\/methodejmv.com\/la-methode-jmv\/<\/a><\/p>\n\n\n\n<div class=\"wp-block-buttons is-content-justification-center is-layout-flex wp-container-core-buttons-is-layout-16018d1d wp-block-buttons-is-layout-flex\">\n<div class=\"wp-block-button\"><a class=\"wp-block-button__link has-text-align-center wp-element-button\" href=\"https:\/\/www.amenaturopathe.com\/tarifs\/\">Prendre RDV<\/a><\/div>\n<\/div>\n\n\n\n<h2 class=\"wp-block-heading\">Vos t\u00e9moignages suite \u00e0 des s\u00e9ances JMV<\/h2>\n\n\n\n<div class=\"wp-block-jetpack-slideshow aligncenter\" data-effect=\"slide\"><div class=\"wp-block-jetpack-slideshow_container swiper-container\"><ul class=\"wp-block-jetpack-slideshow_swiper-wrapper swiper-wrapper\"><li class=\"wp-block-jetpack-slideshow_slide swiper-slide\"><figure><img loading=\"lazy\" decoding=\"async\" width=\"1019\" height=\"954\" alt=\"\" class=\"wp-block-jetpack-slideshow_image wp-image-979\" data-id=\"979\" src=\"https:\/\/www.amenaturopathe.com\/wp-content\/uploads\/2024\/04\/avis-anne-elisabeth.jpg?w=1019\" srcset=\"https:\/\/www.amenaturopathe.com\/wp-content\/uploads\/2024\/04\/avis-anne-elisabeth.jpg 1019w, https:\/\/www.amenaturopathe.com\/wp-content\/uploads\/2024\/04\/avis-anne-elisabeth-300x281.jpg 300w, https:\/\/www.amenaturopathe.com\/wp-content\/uploads\/2024\/04\/avis-anne-elisabeth-768x719.jpg 768w\" sizes=\"auto, (max-width: 1019px) 100vw, 1019px\" \/><\/figure><\/li><li class=\"wp-block-jetpack-slideshow_slide swiper-slide\"><figure><img loading=\"lazy\" decoding=\"async\" width=\"1002\" height=\"590\" alt=\"\" class=\"wp-block-jetpack-slideshow_image wp-image-981\" data-id=\"981\" src=\"https:\/\/www.amenaturopathe.com\/wp-content\/uploads\/2024\/04\/avis-jmv-alexandre.jpg?w=1002\" srcset=\"https:\/\/www.amenaturopathe.com\/wp-content\/uploads\/2024\/04\/avis-jmv-alexandre.jpg 1002w, https:\/\/www.amenaturopathe.com\/wp-content\/uploads\/2024\/04\/avis-jmv-alexandre-300x177.jpg 300w, https:\/\/www.amenaturopathe.com\/wp-content\/uploads\/2024\/04\/avis-jmv-alexandre-768x452.jpg 768w\" sizes=\"auto, (max-width: 1002px) 100vw, 1002px\" \/><\/figure><\/li><li class=\"wp-block-jetpack-slideshow_slide swiper-slide\"><figure><img loading=\"lazy\" decoding=\"async\" width=\"1024\" height=\"455\" alt=\"\" class=\"wp-block-jetpack-slideshow_image wp-image-980\" data-id=\"980\" src=\"https:\/\/www.amenaturopathe.com\/wp-content\/uploads\/2024\/04\/avis-jmv-knn.jpg?w=1024\" srcset=\"https:\/\/www.amenaturopathe.com\/wp-content\/uploads\/2024\/04\/avis-jmv-knn.jpg 1024w, https:\/\/www.amenaturopathe.com\/wp-content\/uploads\/2024\/04\/avis-jmv-knn-300x133.jpg 300w, https:\/\/www.amenaturopathe.com\/wp-content\/uploads\/2024\/04\/avis-jmv-knn-768x341.jpg 768w\" sizes=\"auto, (max-width: 1024px) 100vw, 1024px\" \/><\/figure><\/li><li class=\"wp-block-jetpack-slideshow_slide swiper-slide\"><figure><img loading=\"lazy\" decoding=\"async\" width=\"1021\" height=\"502\" alt=\"\" class=\"wp-block-jetpack-slideshow_image wp-image-1221\" data-id=\"1221\" src=\"https:\/\/www.amenaturopathe.com\/wp-content\/uploads\/2025\/03\/avis-delphine-choimet.jpg\" srcset=\"https:\/\/www.amenaturopathe.com\/wp-content\/uploads\/2025\/03\/avis-delphine-choimet.jpg 1021w, https:\/\/www.amenaturopathe.com\/wp-content\/uploads\/2025\/03\/avis-delphine-choimet-300x148.jpg 300w, https:\/\/www.amenaturopathe.com\/wp-content\/uploads\/2025\/03\/avis-delphine-choimet-768x378.jpg 768w\" sizes=\"auto, (max-width: 1021px) 100vw, 1021px\" \/><\/figure><\/li><li class=\"wp-block-jetpack-slideshow_slide swiper-slide\"><figure><img loading=\"lazy\" decoding=\"async\" width=\"1014\" height=\"477\" alt=\"\" class=\"wp-block-jetpack-slideshow_image wp-image-1222\" data-id=\"1222\" src=\"https:\/\/www.amenaturopathe.com\/wp-content\/uploads\/2025\/03\/avis-faye-chandler.jpg\" srcset=\"https:\/\/www.amenaturopathe.com\/wp-content\/uploads\/2025\/03\/avis-faye-chandler.jpg 1014w, https:\/\/www.amenaturopathe.com\/wp-content\/uploads\/2025\/03\/avis-faye-chandler-300x141.jpg 300w, https:\/\/www.amenaturopathe.com\/wp-content\/uploads\/2025\/03\/avis-faye-chandler-768x361.jpg 768w\" sizes=\"auto, (max-width: 1014px) 100vw, 1014px\" \/><\/figure><\/li><li class=\"wp-block-jetpack-slideshow_slide swiper-slide\"><figure><img loading=\"lazy\" decoding=\"async\" width=\"1025\" height=\"430\" alt=\"\" class=\"wp-block-jetpack-slideshow_image wp-image-1223\" data-id=\"1223\" src=\"https:\/\/www.amenaturopathe.com\/wp-content\/uploads\/2025\/03\/avis-jmv-jennifer-raveneau.jpg\" srcset=\"https:\/\/www.amenaturopathe.com\/wp-content\/uploads\/2025\/03\/avis-jmv-jennifer-raveneau.jpg 1025w, https:\/\/www.amenaturopathe.com\/wp-content\/uploads\/2025\/03\/avis-jmv-jennifer-raveneau-300x126.jpg 300w, https:\/\/www.amenaturopathe.com\/wp-content\/uploads\/2025\/03\/avis-jmv-jennifer-raveneau-768x322.jpg 768w\" sizes=\"auto, (max-width: 1025px) 100vw, 1025px\" \/><\/figure><\/li><li class=\"wp-block-jetpack-slideshow_slide swiper-slide\"><figure><img loading=\"lazy\" decoding=\"async\" width=\"1010\" height=\"781\" alt=\"\" class=\"wp-block-jetpack-slideshow_image wp-image-1224\" data-id=\"1224\" src=\"https:\/\/www.amenaturopathe.com\/wp-content\/uploads\/2025\/03\/avis-jmv-fanny-copon.jpg\" srcset=\"https:\/\/www.amenaturopathe.com\/wp-content\/uploads\/2025\/03\/avis-jmv-fanny-copon.jpg 1010w, https:\/\/www.amenaturopathe.com\/wp-content\/uploads\/2025\/03\/avis-jmv-fanny-copon-300x232.jpg 300w, https:\/\/www.amenaturopathe.com\/wp-content\/uploads\/2025\/03\/avis-jmv-fanny-copon-768x594.jpg 768w\" sizes=\"auto, (max-width: 1010px) 100vw, 1010px\" \/><\/figure><\/li><li class=\"wp-block-jetpack-slideshow_slide swiper-slide\"><figure><img loading=\"lazy\" decoding=\"async\" width=\"1221\" height=\"490\" alt=\"\" class=\"wp-block-jetpack-slideshow_image wp-image-1226\" data-id=\"1226\" src=\"https:\/\/www.amenaturopathe.com\/wp-content\/uploads\/2025\/03\/avis-jmv-soizic-harel.jpg\" srcset=\"https:\/\/www.amenaturopathe.com\/wp-content\/uploads\/2025\/03\/avis-jmv-soizic-harel.jpg 1221w, https:\/\/www.amenaturopathe.com\/wp-content\/uploads\/2025\/03\/avis-jmv-soizic-harel-300x120.jpg 300w, https:\/\/www.amenaturopathe.com\/wp-content\/uploads\/2025\/03\/avis-jmv-soizic-harel-1024x411.jpg 1024w, https:\/\/www.amenaturopathe.com\/wp-content\/uploads\/2025\/03\/avis-jmv-soizic-harel-768x308.jpg 768w\" sizes=\"auto, (max-width: 1221px) 100vw, 1221px\" \/><\/figure><\/li><\/ul><a class=\"wp-block-jetpack-slideshow_button-prev swiper-button-prev swiper-button-white\" role=\"button\"><\/a><a class=\"wp-block-jetpack-slideshow_button-next swiper-button-next swiper-button-white\" role=\"button\"><\/a><a aria-label=\"Pause Slideshow\" class=\"wp-block-jetpack-slideshow_button-pause\" role=\"button\"><\/a><div class=\"wp-block-jetpack-slideshow_pagination swiper-pagination swiper-pagination-white\"><\/div><\/div><\/div>\n\n\n\n<p><\/p>\n","protected":false},"excerpt":{"rendered":"<p>La m\u00e9thode JMV est une technique qui associe kin\u00e9siologie, mouvements oculaires proche de l&rsquo;EMDR, MTC (M\u00e9decine Traditionnelle Chinoise) et points d&rsquo;acupression. V\u00e9ritable th\u00e9rapie naturelle,&nbsp;la M\u00e9thode JMV\u00ae&nbsp;vise \u00e0 chercher les causes d\u2019un probl\u00e8me physique, mental ou \u00e9motionnel et \u00e0 corriger les perturbations pour permettre \u00e0 l\u2019organisme de s\u2019autor\u00e9guler. Pourquoi faire une s\u00e9ance JMV\u00ae ? Diff\u00e9rentes probl\u00e9matiques peuvent impacter le bon fonctionnement de votre organisme. Certaines sources peuvent \u00eatre externes et d&rsquo;autres internes. Voici des exemples: Tout type de d\u00e9s\u00e9quilibre peut favoriser l&rsquo;apparitions de sympt\u00f4mes voire de pathologies: Candidose, d\u00e9pression, allergies, rhume des foins, boulimie, anorexie, prise de poids, insomnie, fatigue chronique, constipation, ballonnements, c\u00f4lon irritable, migraine, mal de dos, fibromyalgie, d\u00e9r\u00e8glement thyro\u00efdiens, intol\u00e9rances alimentaires, etc\u2026 Comment se d\u00e9roule une s\u00e9ance ? Une s\u00e9ance dure 1H15. Tout d&rsquo;abord nous allons prendre un temps pour \u00e9changer sur votre probl\u00e9matique, cibler les besoins pour r\u00e9pondre au mieux \u00e0 votre demande. 1 Puis, nous cherchons l\u2019origine des probl\u00e8mes (\u00e9motionnelle, structurelle, physiologique, alimentaire\u2026) gr\u00e2ce \u00e0 une s\u00e9rie de tests neuromusculaire. 2 Ensuite, nous supprimons les blocages \u00e9nerg\u00e9tico-physiologiques gr\u00e2ce aux mouvements oculaires combin\u00e9s \u00e0 des informations neuronales. 3 Nous venons stimuler certains points des m\u00e9ridiens pour renforcer les organes \u2013 comme en acupuncture \u2013 afin de vaincre d\u00e9finitivement les perturbations et intol\u00e9rances. De nouvelles informations et fr\u00e9quences vont permettre au cerveau de trouver le chemin du bien-\u00eatre. 4 L&rsquo;organisme retrouve le chemin de l&rsquo;autogu\u00e9rison gr\u00e2ce \u00e0 cette remise \u00e0 niveau \u00e9nerg\u00e9tique ! La M\u00e9thode JMV \u00ae est une m\u00e9thode \u00e9nerg\u00e9tique naturelle et compl\u00e9mentaire de la m\u00e9decine traditionnelle. Demandez l\u2019avis de votre m\u00e9decin en ayant un suivi r\u00e9gulier avec celui-ci afin d\u2019adapter votre traitement si n\u00e9cessaire. Pour plus de renseignements sur la m\u00e9thode: https:\/\/methodejmv.com\/la-methode-jmv\/ Vos t\u00e9moignages suite \u00e0 des s\u00e9ances JMV<\/p>\n","protected":false},"author":2,"featured_media":0,"parent":0,"menu_order":0,"comment_status":"closed","ping_status":"closed","template":"","meta":{"footnotes":""},"class_list":["post-839","page","type-page","status-publish","hentry"],"_links":{"self":[{"href":"https:\/\/www.amenaturopathe.com\/index.php?rest_route=\/wp\/v2\/pages\/839","targetHints":{"allow":["GET"]}}],"collection":[{"href":"https:\/\/www.amenaturopathe.com\/index.php?rest_route=\/wp\/v2\/pages"}],"about":[{"href":"https:\/\/www.amenaturopathe.com\/index.php?rest_route=\/wp\/v2\/types\/page"}],"author":[{"embeddable":true,"href":"https:\/\/www.amenaturopathe.com\/index.php?rest_route=\/wp\/v2\/users\/2"}],"replies":[{"embeddable":true,"href":"https:\/\/www.amenaturopathe.com\/index.php?rest_route=%2Fwp%2Fv2%2Fcomments&post=839"}],"version-history":[{"count":0,"href":"https:\/\/www.amenaturopathe.com\/index.php?rest_route=\/wp\/v2\/pages\/839\/revisions"}],"wp:attachment":[{"href":"https:\/\/www.amenaturopathe.com\/index.php?rest_route=%2Fwp%2Fv2%2Fmedia&parent=839"}],"curies":[{"name":"wp","href":"https:\/\/api.w.org\/{rel}","templated":true}]}}